{"id":11,"date":"2012-02-13T14:29:21","date_gmt":"2012-02-13T13:29:21","guid":{"rendered":"http:\/\/www.mimispaenz.de\/NEU_1202\/?page_id=11"},"modified":"2025-09-25T13:51:53","modified_gmt":"2025-09-25T11:51:53","slug":"padagogisches-konzept","status":"publish","type":"page","link":"https:\/\/www.mimispaenz.de\/?page_id=11","title":{"rendered":"P\u00e4dagogisches Konzept"},"content":{"rendered":"<p><strong>Das Recht des Kindes &#8230;<\/strong><br \/>\nIm Mittelpunkt unserer Arbeit steht das Kind. Dieses Ziel verfolgen wir in Anlehnung an die P\u00e4dagogik von Janus Korczak.<\/p>\n<p><strong>&#8230; auf Achtung.<\/strong><br \/>\nDas Kind wird als Person, als gesamter Mensch mit seinen M\u00f6glichkeiten, seinen Interessen, Fragen, Sorgen und \u00c4ngsten Ernst genommen.<\/p>\n<p><strong>&#8230; auf eigene Erfahrung.<\/strong><br \/>\nDas Grundgef\u00fchl des einzelnen Kindes soll bestimmt sein durch die Erfahrung: hier darf ich sein, hier bin ich so wie ich bin willkommen.<\/p>\n<p><strong>&#8230; so zu sein, wie es ist.<\/strong><br \/>\nKinder sind von sich aus aktiv und haben den inneren Antrieb, die Welt zu entdecken. Ihre Umgebung ist so gestaltet, dass sie ihnen vielf\u00e4ltige Erfahrungs- und Handlungsanreize bietet.<\/p>\n<p><strong>&#8230; auf den heutigen Tag.<\/strong><br \/>\nDer heutige Tag und damit einhergehende Situationen sind von besonderer Bedeutung, werden mit dem Kind gemeinsam erlebt und das Neue darin wird entdeckt.<\/p>\n<p>&nbsp;<\/p>\n<h4>Rahmenvereinbarung zur F\u00f6rderung von Kindern mit (drohender) Behinderung<\/h4>\n<div>\n<p class=\"p3\">Unsere Kindertagesst\u00e4tte hat mit dem Landschaftsverband Rheinland (LVR) eine Rahmenvereinbarung abgeschlossen. Diese erm\u00f6glicht es uns, Kinder mit (drohender) Behinderung oder besonderem F\u00f6rderbedarf gezielt zu unterst\u00fctzen und ihnen den Zugang zu heilp\u00e4dagogischen Leistungen zu erleichtern.<\/p>\n<p class=\"p3\">Auch wenn aktuell kein Kind mit besonderem F\u00f6rderbedarf unsere Einrichtung besucht, besteht die Vereinbarung fort. Dadurch k\u00f6nnen wir im Bedarfsfall sofort handeln und gemeinsam mit den Eltern passende F\u00f6rderm\u00f6glichkeiten einleiten.<\/p>\n<p class=\"p3\">Die vollst\u00e4ndige Rahmenvereinbarung kann von allen Eltern auf Anfrage im B\u00fcro eingesehen werden. Zus\u00e4tzlich stellen wir sie im internen Bereich digital zur Verf\u00fcgung.<\/p>\n<p class=\"p3\">Mit dieser Vereinbarung m\u00f6chten wir f\u00fcr Familien sichtbar machen, dass wir ein verl\u00e4sslicher Ansprechpartner sind und in enger Kooperation mit Fachstellen daf\u00fcr sorgen, dass Kinder mit Unterst\u00fctzungsbedarf fr\u00fchzeitig Hilfe erhalten.<\/p>\n<\/div>\n<p>&nbsp;<\/p>\n","protected":false},"excerpt":{"rendered":"<p>Das Recht des Kindes &#8230; Im Mittelpunkt unserer Arbeit steht das Kind. Dieses Ziel verfolgen wir in Anlehnung an die P\u00e4dagogik von Janus Korczak. &#8230; auf Achtung. Das Kind wird als Person, als gesamter Mensch mit seinen M\u00f6glichkeiten, seinen Interessen, Fragen, Sorgen und \u00c4ngsten Ernst genommen. &#8230; auf eigene Erfahrung. Das Grundgef\u00fchl des einzelnen Kindes [&hellip;]<\/p>\n","protected":false},"author":9,"featured_media":0,"parent":5,"menu_order":1,"comment_status":"closed","ping_status":"closed","template":"","meta":{"footnotes":""},"class_list":["post-11","page","type-page","status-publish","hentry"],"_links":{"self":[{"href":"https:\/\/www.mimispaenz.de\/index.php?rest_route=\/wp\/v2\/pages\/11","targetHints":{"allow":["GET"]}}],"collection":[{"href":"https:\/\/www.mimispaenz.de\/index.php?rest_route=\/wp\/v2\/pages"}],"about":[{"href":"https:\/\/www.mimispaenz.de\/index.php?rest_route=\/wp\/v2\/types\/page"}],"author":[{"embeddable":true,"href":"https:\/\/www.mimispaenz.de\/index.php?rest_route=\/wp\/v2\/users\/9"}],"replies":[{"embeddable":true,"href":"https:\/\/www.mimispaenz.de\/index.php?rest_route=%2Fwp%2Fv2%2Fcomments&post=11"}],"version-history":[{"count":12,"href":"https:\/\/www.mimispaenz.de\/index.php?rest_route=\/wp\/v2\/pages\/11\/revisions"}],"predecessor-version":[{"id":829,"href":"https:\/\/www.mimispaenz.de\/index.php?rest_route=\/wp\/v2\/pages\/11\/revisions\/829"}],"up":[{"embeddable":true,"href":"https:\/\/www.mimispaenz.de\/index.php?rest_route=\/wp\/v2\/pages\/5"}],"wp:attachment":[{"href":"https:\/\/www.mimispaenz.de\/index.php?rest_route=%2Fwp%2Fv2%2Fmedia&parent=11"}],"curies":[{"name":"wp","href":"https:\/\/api.w.org\/{rel}","templated":true}]}}