{"id":13,"date":"2012-02-13T14:29:57","date_gmt":"2012-02-13T13:29:57","guid":{"rendered":"http:\/\/www.mimispaenz.de\/NEU_1202\/?page_id=13"},"modified":"2022-09-06T12:12:57","modified_gmt":"2022-09-06T10:12:57","slug":"umsetzung-im-alltag","status":"publish","type":"page","link":"https:\/\/www.mimispaenz.de\/?page_id=13","title":{"rendered":"Umsetzung im Alltag"},"content":{"rendered":"<p>Was unterscheidet unser Kinderhaus von anderen Einrichtungen?<br \/>\nWie werden bei uns die Ideen von Janus Korczak umgesetzt?<\/p>\n<p>Bei Mimis P\u00e4nz k\u00f6nnen sich die Kinder frei bewegen. Das Haus ist in p\u00e4dagogisch betreute Aktionsbereiche wie etwa Bauraum, Spielebereich, Kreativbereich, Turnhalle, Au\u00dfenbereich oder Restaurant eingeteilt.<\/p>\n<p>Um eine Vorstellung zu bekommen, wie sich das Kind ohne feste Gruppeneinteilung in unserem sch\u00f6nen gro\u00dfen Geb\u00e4ude nicht verloren f\u00fchlt, haben wir exemplarisch einen Tagesablauf skizziert:<\/p>\n<h3>TAGESABLAUF<\/h3>\n<p>in der Orientierungsphase der 2- und 3-J\u00e4hrigen<\/p>\n<h3>8.00 &#8211; 9.00 Uhr<\/h3>\n<p>die ersten Kinder kommen an.<br \/>\n2-J\u00e4hrige treffen sich im Nest und 3-J\u00e4hrige im Schlafraum mit Bezugserzieherin<\/p>\n<h3>9.00 Uhr<\/h3>\n<p>Morgenkreis altershomogen<\/p>\n<h3>9.30 &#8211; 10.00 Uhr<\/h3>\n<p>gemeinsames Fr\u00fchst\u00fcck<\/p>\n<h3>10.00 &#8211; 11.30 Uhr<\/h3>\n<p>Freispiel oder offene Angebote<\/p>\n<p>(11.00 &#8211; 11.30 Uhr Wickelzeit)<\/p>\n<h3>11.30 Uhr<\/h3>\n<p>Mittagskreis<\/p>\n<h3>12.00 Uhr<\/h3>\n<p>Mittagessen<\/p>\n<h3>12.45 Uhr<\/h3>\n<p>Schlafen und Ruhephase, im Anschluss: Freispiel<\/p>\n<h3>14.00 Uhr<\/h3>\n<p>erste Abholzeit<\/p>\n<p>(14.00 &#8211; 14.30 Uhr Wecken und Wickelzeit)<\/p>\n<h3>14.30 &#8211; 15.00 Uhr<\/h3>\n<p>Abschlusskreis \/ parallel Nachmittagshunger<\/p>\n<h3>15.00 Uhr<\/h3>\n<p>zweite Abholzeit<\/p>\n<h3>15.00 &#8211; 16.00 Uhr<\/h3>\n<p>Freispielzeit<\/p>\n<h3>16.00 &#8211; 17.00 Uhr<\/h3>\n<p>gleitende Abholzeit<\/p>\n<h3>17.00 Uhr<\/h3>\n<p>das Kinderhaus schlie\u00dft<\/p>\n","protected":false},"excerpt":{"rendered":"<p>Was unterscheidet unser Kinderhaus von anderen Einrichtungen? Wie werden bei uns die Ideen von Janus Korczak umgesetzt? Bei Mimis P\u00e4nz k\u00f6nnen sich die Kinder frei bewegen. Das Haus ist in p\u00e4dagogisch betreute Aktionsbereiche wie etwa Bauraum, Spielebereich, Kreativbereich, Turnhalle, Au\u00dfenbereich oder Restaurant eingeteilt. Um eine Vorstellung zu bekommen, wie sich das Kind ohne feste Gruppeneinteilung [&hellip;]<\/p>\n","protected":false},"author":9,"featured_media":0,"parent":5,"menu_order":2,"comment_status":"closed","ping_status":"closed","template":"","meta":{"footnotes":""},"class_list":["post-13","page","type-page","status-publish","hentry"],"_links":{"self":[{"href":"https:\/\/www.mimispaenz.de\/index.php?rest_route=\/wp\/v2\/pages\/13","targetHints":{"allow":["GET"]}}],"collection":[{"href":"https:\/\/www.mimispaenz.de\/index.php?rest_route=\/wp\/v2\/pages"}],"about":[{"href":"https:\/\/www.mimispaenz.de\/index.php?rest_route=\/wp\/v2\/types\/page"}],"author":[{"embeddable":true,"href":"https:\/\/www.mimispaenz.de\/index.php?rest_route=\/wp\/v2\/users\/9"}],"replies":[{"embeddable":true,"href":"https:\/\/www.mimispaenz.de\/index.php?rest_route=%2Fwp%2Fv2%2Fcomments&post=13"}],"version-history":[{"count":9,"href":"https:\/\/www.mimispaenz.de\/index.php?rest_route=\/wp\/v2\/pages\/13\/revisions"}],"predecessor-version":[{"id":750,"href":"https:\/\/www.mimispaenz.de\/index.php?rest_route=\/wp\/v2\/pages\/13\/revisions\/750"}],"up":[{"embeddable":true,"href":"https:\/\/www.mimispaenz.de\/index.php?rest_route=\/wp\/v2\/pages\/5"}],"wp:attachment":[{"href":"https:\/\/www.mimispaenz.de\/index.php?rest_route=%2Fwp%2Fv2%2Fmedia&parent=13"}],"curies":[{"name":"wp","href":"https:\/\/api.w.org\/{rel}","templated":true}]}}