{"id":15,"date":"2012-02-13T14:30:42","date_gmt":"2012-02-13T13:30:42","guid":{"rendered":"http:\/\/www.mimispaenz.de\/NEU_1202\/?page_id=15"},"modified":"2019-05-06T15:48:37","modified_gmt":"2019-05-06T13:48:37","slug":"elterninitiative","status":"publish","type":"page","link":"https:\/\/www.mimispaenz.de\/?page_id=15","title":{"rendered":"Elterninitiative"},"content":{"rendered":"<p>Tr\u00e4ger der Einrichtung ist die Elterninitiative Mimis P\u00e4nz e.V.<\/p>\n<p>Elternmitarbeit und Engangement geh\u00f6ren zum Selbstverst\u00e4ndnis unseres Kinderhauses. Deshalb ist eine intensive Zusammenarbeit von Eltern und ErzieherInnen von besonderer Bedeutung.<\/p>\n<p>In der Praxis hei\u00dft das:<\/p>\n<p>&#8211; Teilnahme der Eltern am Alltag im Kinderhaus<br \/>\n&#8211; Aktive Vereinsarbeit, Selbstverwaltung: Vorstand, Elternrat und Rat der Einrichtung<br \/>\n&#8211; enge Kontakte zu den Bezugspersonen der Kinder<br \/>\n&#8211; Planung, Organisation und aktive Mithilfe bei Festen, Ausfl\u00fcgen und Projekten<br \/>\n&#8211; Mitarbeit bei der Gestaltung und Pflege der Innenr\u00e4ume und des Au\u00dfengel\u00e4ndes<\/p>\n<p>&nbsp;<\/p>\n","protected":false},"excerpt":{"rendered":"<p>Tr\u00e4ger der Einrichtung ist die Elterninitiative Mimis P\u00e4nz e.V. Elternmitarbeit und Engangement geh\u00f6ren zum Selbstverst\u00e4ndnis unseres Kinderhauses. Deshalb ist eine intensive Zusammenarbeit von Eltern und ErzieherInnen von besonderer Bedeutung. In der Praxis hei\u00dft das: &#8211; Teilnahme der Eltern am Alltag im Kinderhaus &#8211; Aktive Vereinsarbeit, Selbstverwaltung: Vorstand, Elternrat und Rat der Einrichtung &#8211; enge Kontakte [&hellip;]<\/p>\n","protected":false},"author":9,"featured_media":0,"parent":5,"menu_order":3,"comment_status":"closed","ping_status":"closed","template":"","meta":{"footnotes":""},"class_list":["post-15","page","type-page","status-publish","hentry"],"_links":{"self":[{"href":"https:\/\/www.mimispaenz.de\/index.php?rest_route=\/wp\/v2\/pages\/15","targetHints":{"allow":["GET"]}}],"collection":[{"href":"https:\/\/www.mimispaenz.de\/index.php?rest_route=\/wp\/v2\/pages"}],"about":[{"href":"https:\/\/www.mimispaenz.de\/index.php?rest_route=\/wp\/v2\/types\/page"}],"author":[{"embeddable":true,"href":"https:\/\/www.mimispaenz.de\/index.php?rest_route=\/wp\/v2\/users\/9"}],"replies":[{"embeddable":true,"href":"https:\/\/www.mimispaenz.de\/index.php?rest_route=%2Fwp%2Fv2%2Fcomments&post=15"}],"version-history":[{"count":13,"href":"https:\/\/www.mimispaenz.de\/index.php?rest_route=\/wp\/v2\/pages\/15\/revisions"}],"predecessor-version":[{"id":636,"href":"https:\/\/www.mimispaenz.de\/index.php?rest_route=\/wp\/v2\/pages\/15\/revisions\/636"}],"up":[{"embeddable":true,"href":"https:\/\/www.mimispaenz.de\/index.php?rest_route=\/wp\/v2\/pages\/5"}],"wp:attachment":[{"href":"https:\/\/www.mimispaenz.de\/index.php?rest_route=%2Fwp%2Fv2%2Fmedia&parent=15"}],"curies":[{"name":"wp","href":"https:\/\/api.w.org\/{rel}","templated":true}]}}