{"id":17,"date":"2012-02-13T14:31:07","date_gmt":"2012-02-13T13:31:07","guid":{"rendered":"http:\/\/www.mimispaenz.de\/NEU_1202\/?page_id=17"},"modified":"2025-11-13T17:50:19","modified_gmt":"2025-11-13T16:50:19","slug":"team","status":"publish","type":"page","link":"https:\/\/www.mimispaenz.de\/?page_id=17","title":{"rendered":"Team"},"content":{"rendered":"<p>In unserem Team arbeiten zurzeit 11 p\u00e4dagogische Fachkr\u00e4fte:<\/p>\n<p>Calle B\u00f6hm, Leitung<\/p>\n<p>Vivian Burlager, stellvertretende Leitung<\/p>\n<p>Monika<\/p>\n<p>Melanie<\/p>\n<p>Conny<\/p>\n<p><span style=\"font-size: revert; font-family: var(--wp--preset--font-family--system-font);\">Esra<\/span><\/p>\n<p>Kathie<\/p>\n<p>Mia<\/p>\n<p>Andr\u00e9<\/p>\n<p>Vanessa<\/p>\n<p>Antonia<\/p>\n<p>Regina<\/p>\n<p>und<\/p>\n<p>Claudia, K\u00f6chin<\/p>\n<p>Ruth, B\u00fcrokraft<\/p>\n<p>Leonie, Berufspraktikantin<\/p>\n\n\n<p><\/p>\n","protected":false},"excerpt":{"rendered":"<p>In unserem Team arbeiten zurzeit 11 p\u00e4dagogische Fachkr\u00e4fte: Calle B\u00f6hm, Leitung Vivian Burlager, stellvertretende Leitung Monika Melanie Conny Esra Kathie Mia Andr\u00e9 Vanessa Antonia Regina und Claudia, K\u00f6chin Ruth, B\u00fcrokraft Leonie, Berufspraktikantin<\/p>\n","protected":false},"author":9,"featured_media":0,"parent":0,"menu_order":1,"comment_status":"closed","ping_status":"closed","template":"","meta":{"footnotes":""},"class_list":["post-17","page","type-page","status-publish","hentry"],"_links":{"self":[{"href":"https:\/\/www.mimispaenz.de\/index.php?rest_route=\/wp\/v2\/pages\/17","targetHints":{"allow":["GET"]}}],"collection":[{"href":"https:\/\/www.mimispaenz.de\/index.php?rest_route=\/wp\/v2\/pages"}],"about":[{"href":"https:\/\/www.mimispaenz.de\/index.php?rest_route=\/wp\/v2\/types\/page"}],"author":[{"embeddable":true,"href":"https:\/\/www.mimispaenz.de\/index.php?rest_route=\/wp\/v2\/users\/9"}],"replies":[{"embeddable":true,"href":"https:\/\/www.mimispaenz.de\/index.php?rest_route=%2Fwp%2Fv2%2Fcomments&post=17"}],"version-history":[{"count":118,"href":"https:\/\/www.mimispaenz.de\/index.php?rest_route=\/wp\/v2\/pages\/17\/revisions"}],"predecessor-version":[{"id":844,"href":"https:\/\/www.mimispaenz.de\/index.php?rest_route=\/wp\/v2\/pages\/17\/revisions\/844"}],"wp:attachment":[{"href":"https:\/\/www.mimispaenz.de\/index.php?rest_route=%2Fwp%2Fv2%2Fmedia&parent=17"}],"curies":[{"name":"wp","href":"https:\/\/api.w.org\/{rel}","templated":true}]}}