{"id":19,"date":"2012-02-13T14:31:31","date_gmt":"2012-02-13T13:31:31","guid":{"rendered":"http:\/\/www.mimispaenz.de\/NEU_1202\/?page_id=19"},"modified":"2025-09-19T08:32:24","modified_gmt":"2025-09-19T06:32:24","slug":"infos","status":"publish","type":"page","link":"https:\/\/www.mimispaenz.de\/?page_id=19","title":{"rendered":"Infos"},"content":{"rendered":"<p><img loading=\"lazy\" decoding=\"async\" class=\"alignleft  wp-image-242\" title=\"Anmeldung\" src=\"http:\/\/www.mimispaenz.de\/wp-content\/uploads\/2012\/02\/Anmeldung.jpg\" alt=\"\" width=\"721\" height=\"518\" srcset=\"https:\/\/www.mimispaenz.de\/wp-content\/uploads\/2012\/02\/Anmeldung.jpg 617w, https:\/\/www.mimispaenz.de\/wp-content\/uploads\/2012\/02\/Anmeldung-300x215.jpg 300w\" sizes=\"auto, (max-width: 721px) 100vw, 721px\" \/><\/p>\n<h3>Betreuungszeiten<\/h3>\n<p>Das Kinderhaus ist von 8:00 Uhr bis 17:00 Uhr ge\u00f6ffnet.<\/p>\n<h3>Altersstruktur<\/h3>\n<p>Bei Mimis P\u00e4nz werden zur Zeit 66 Kinder im Alter von 2-6 Jahren betreut.<\/p>\n<h3>Kosten<\/h3>\n<p>Der Tr\u00e4geranteil f\u00fcr den Verein Mimis P\u00e4nz e.V. f\u00fcr das Jahr 2023\/2024 betr\u00e4gt 170 Euro im Monat.<\/p>\n<p>Hinzu kommen die Beitr\u00e4ge, die an die Stadt K\u00f6ln zu entrichten sind. Diese Beitr\u00e4ge sind abh\u00e4ngig vom Jahreseinkommen der Familie sowie der Betreuungsform.<\/p>\n<p>Hier finden Sie eine \u00dcbersicht der Elternbeitr\u00e4ge an die Stadt K\u00f6ln, g\u00fcltig seit dem 1. August 2008: <a href=\"http:\/\/www.stadt-koeln.de\/service\/produkt\/elternbeitraege-der-kindertageseinrichtungen-1\">Link zum B\u00fcrgerservice der Stadt K\u00f6ln<\/a><\/p>\n\n<h3><span style=\"font-size: var(--wp--preset--font-size--x-large); font-family: var(--wp--preset--font-family--system-font);\">Infoabend<\/span><\/h3>\n\n\n<p>F\u00fcr interessierte Eltern findet der n\u00e4chste Infoabend am 20.11.25 um 20.00 Uhr statt. Leider k\u00f6nnen wir f\u00fcr das kommende Kita-Jahr nur noch \u00dc3 Pl\u00e4tze anbieten. Als \u00dc3 gelten Kinder, die am 01.11.26 drei Jahre alt sind.<\/p>\n","protected":false},"excerpt":{"rendered":"<p>Betreuungszeiten Das Kinderhaus ist von 8:00 Uhr bis 17:00 Uhr ge\u00f6ffnet. Altersstruktur Bei Mimis P\u00e4nz werden zur Zeit 66 Kinder im Alter von 2-6 Jahren betreut. Kosten Der Tr\u00e4geranteil f\u00fcr den Verein Mimis P\u00e4nz e.V. f\u00fcr das Jahr 2023\/2024 betr\u00e4gt 170 Euro im Monat. Hinzu kommen die Beitr\u00e4ge, die an die Stadt K\u00f6ln zu entrichten [&hellip;]<\/p>\n","protected":false},"author":9,"featured_media":0,"parent":0,"menu_order":2,"comment_status":"closed","ping_status":"closed","template":"","meta":{"footnotes":""},"class_list":["post-19","page","type-page","status-publish","hentry"],"_links":{"self":[{"href":"https:\/\/www.mimispaenz.de\/index.php?rest_route=\/wp\/v2\/pages\/19","targetHints":{"allow":["GET"]}}],"collection":[{"href":"https:\/\/www.mimispaenz.de\/index.php?rest_route=\/wp\/v2\/pages"}],"about":[{"href":"https:\/\/www.mimispaenz.de\/index.php?rest_route=\/wp\/v2\/types\/page"}],"author":[{"embeddable":true,"href":"https:\/\/www.mimispaenz.de\/index.php?rest_route=\/wp\/v2\/users\/9"}],"replies":[{"embeddable":true,"href":"https:\/\/www.mimispaenz.de\/index.php?rest_route=%2Fwp%2Fv2%2Fcomments&post=19"}],"version-history":[{"count":25,"href":"https:\/\/www.mimispaenz.de\/index.php?rest_route=\/wp\/v2\/pages\/19\/revisions"}],"predecessor-version":[{"id":823,"href":"https:\/\/www.mimispaenz.de\/index.php?rest_route=\/wp\/v2\/pages\/19\/revisions\/823"}],"wp:attachment":[{"href":"https:\/\/www.mimispaenz.de\/index.php?rest_route=%2Fwp%2Fv2%2Fmedia&parent=19"}],"curies":[{"name":"wp","href":"https:\/\/api.w.org\/{rel}","templated":true}]}}