{"id":23,"date":"2012-02-13T14:32:36","date_gmt":"2012-02-13T13:32:36","guid":{"rendered":"http:\/\/www.mimispaenz.de\/NEU_1202\/?page_id=23"},"modified":"2024-08-20T12:17:50","modified_gmt":"2024-08-20T10:17:50","slug":"kontakt","status":"publish","type":"page","link":"https:\/\/www.mimispaenz.de\/?page_id=23","title":{"rendered":"Kontakt"},"content":{"rendered":"<p><iframe loading=\"lazy\" title=\"Wir sind &quot;Mimis P\u00e4nz&quot;\" width=\"500\" height=\"281\" src=\"https:\/\/www.youtube.com\/embed\/mKXV2LuRIkI?feature=oembed\" frameborder=\"0\" allow=\"accelerometer; autoplay; clipboard-write; encrypted-media; gyroscope; picture-in-picture; web-share\" referrerpolicy=\"strict-origin-when-cross-origin\" allowfullscreen><\/iframe><\/p>\n<p>Kinderhaus Mimis P\u00e4nz e.V.<br \/>\nK\u00f6ln-Lindenthal<br \/>\nGleuelerstra\u00dfe 275<br \/>\n50935 K\u00f6ln<\/p>\n<p>Leitung: Calle B\u00f6hm, Vivian Burlager<\/p>\n<p>Telefon: 0221.4300197<\/p>\n<p><a href=\"mailto:mimispaenz@netcologne.de\">E-Mail<\/a><\/p>\n","protected":false},"excerpt":{"rendered":"<p>Kinderhaus Mimis P\u00e4nz e.V. K\u00f6ln-Lindenthal Gleuelerstra\u00dfe 275 50935 K\u00f6ln Leitung: Calle B\u00f6hm, Vivian Burlager Telefon: 0221.4300197 E-Mail<\/p>\n","protected":false},"author":9,"featured_media":0,"parent":0,"menu_order":4,"comment_status":"closed","ping_status":"closed","template":"","meta":{"footnotes":""},"class_list":["post-23","page","type-page","status-publish","hentry"],"_links":{"self":[{"href":"https:\/\/www.mimispaenz.de\/index.php?rest_route=\/wp\/v2\/pages\/23","targetHints":{"allow":["GET"]}}],"collection":[{"href":"https:\/\/www.mimispaenz.de\/index.php?rest_route=\/wp\/v2\/pages"}],"about":[{"href":"https:\/\/www.mimispaenz.de\/index.php?rest_route=\/wp\/v2\/types\/page"}],"author":[{"embeddable":true,"href":"https:\/\/www.mimispaenz.de\/index.php?rest_route=\/wp\/v2\/users\/9"}],"replies":[{"embeddable":true,"href":"https:\/\/www.mimispaenz.de\/index.php?rest_route=%2Fwp%2Fv2%2Fcomments&post=23"}],"version-history":[{"count":17,"href":"https:\/\/www.mimispaenz.de\/index.php?rest_route=\/wp\/v2\/pages\/23\/revisions"}],"predecessor-version":[{"id":789,"href":"https:\/\/www.mimispaenz.de\/index.php?rest_route=\/wp\/v2\/pages\/23\/revisions\/789"}],"wp:attachment":[{"href":"https:\/\/www.mimispaenz.de\/index.php?rest_route=%2Fwp%2Fv2%2Fmedia&parent=23"}],"curies":[{"name":"wp","href":"https:\/\/api.w.org\/{rel}","templated":true}]}}