{"id":31,"date":"2012-02-13T14:34:52","date_gmt":"2012-02-13T13:34:52","guid":{"rendered":"http:\/\/www.mimispaenz.de\/NEU_1202\/?page_id=31"},"modified":"2016-06-12T23:25:36","modified_gmt":"2016-06-12T21:25:36","slug":"sponsoren","status":"publish","type":"page","link":"https:\/\/www.mimispaenz.de\/?page_id=31","title":{"rendered":"Sponsoren"},"content":{"rendered":"<h3>Unsere Einrichtung braucht Ihre Unterst\u00fctzung!<\/h3>\n<p>Viele kleine und gro\u00dfe Dinge, die wir uns f\u00fcr die Verbesserung der Betreuung unserer Kinder und ganz aktuell f\u00fcr die Umbauma\u00dfnahmen betreffend der U3-Kinder w\u00fcnschen und notwendig sind, k\u00f6nnen wir nicht finanzieren, weil die Mittel einfach nicht ausreichen, obwohl wir als Eltern neben den Elternbeitr\u00e4gen in nicht unerheblichem Umfang Eigenleistungen erbringen.<\/p>\n<h3>Helfen Sie mit!<\/h3>\n<p>Vielleicht k\u00f6nnen Sie sich vorstellen, sich f\u00fcr eine soziale Einrichtung zu engagieren, bei der Sie genau verfolgen k\u00f6nnen, wie Ihre Spende verwendet wird. Mit Ihrer Unterst\u00fctzung k\u00f6nnen wir eine seit vielen Jahren bestehende Kindertagesst\u00e4tte erhalten, auf die sich viele Kinder t\u00e4glich freuen, auf die sich die berufst\u00e4tigen Eltern verlassen und die eine Reihe von Arbeitspl\u00e4tzen bietet.<\/p>\n<h3>Geldspenden<\/h3>\n<p>Wir sind ein gemeinn\u00fctziger Verein, k\u00f6nnen also Spendenquittungen ausstellen! Wenden Sie sich bitte an die Kinderhausleitung.<\/p>\n<h3>Sponsoring und Sachspenden<\/h3>\n<p>Es geht aber nicht immer nur um Geld: vielleicht m\u00f6chten Sie unser Sponsor werden? Wir k\u00f6nnen auch Sachleistungen entgegennehmen oder freuen uns \u00fcber Rabatte \u00f6rtlicher H\u00e4ndler, deren Kunden wir sind. Als Sponsor k\u00f6nnen Sie sich auf unserer Website pr\u00e4sentieren und wir k\u00f6nnen Sie direkt mit ihrem Unternehmen verlinken. Ihr Logo wird auf der Startseite zu sehen sein.<\/p>\n<h3>Danke<\/h3>\n<p>Wir danken unseren Spendern und Sponsoren. Ihre Unterst\u00fctzung hilft uns die hohe Qualit\u00e4t der p\u00e4dagogischen Arbeit zu erhalten und die Einrichtung und ihre Ausstattung zu verbessern. All dies kommt den Kindern zugute.<\/p>\n","protected":false},"excerpt":{"rendered":"<p>Unsere Einrichtung braucht Ihre Unterst\u00fctzung! Viele kleine und gro\u00dfe Dinge, die wir uns f\u00fcr die Verbesserung der Betreuung unserer Kinder und ganz aktuell f\u00fcr die Umbauma\u00dfnahmen betreffend der U3-Kinder w\u00fcnschen und notwendig sind, k\u00f6nnen wir nicht finanzieren, weil die Mittel einfach nicht ausreichen, obwohl wir als Eltern neben den Elternbeitr\u00e4gen in nicht unerheblichem Umfang Eigenleistungen [&hellip;]<\/p>\n","protected":false},"author":9,"featured_media":0,"parent":0,"menu_order":5,"comment_status":"closed","ping_status":"closed","template":"","meta":{"footnotes":""},"class_list":["post-31","page","type-page","status-publish","hentry"],"_links":{"self":[{"href":"https:\/\/www.mimispaenz.de\/index.php?rest_route=\/wp\/v2\/pages\/31","targetHints":{"allow":["GET"]}}],"collection":[{"href":"https:\/\/www.mimispaenz.de\/index.php?rest_route=\/wp\/v2\/pages"}],"about":[{"href":"https:\/\/www.mimispaenz.de\/index.php?rest_route=\/wp\/v2\/types\/page"}],"author":[{"embeddable":true,"href":"https:\/\/www.mimispaenz.de\/index.php?rest_route=\/wp\/v2\/users\/9"}],"replies":[{"embeddable":true,"href":"https:\/\/www.mimispaenz.de\/index.php?rest_route=%2Fwp%2Fv2%2Fcomments&post=31"}],"version-history":[{"count":4,"href":"https:\/\/www.mimispaenz.de\/index.php?rest_route=\/wp\/v2\/pages\/31\/revisions"}],"predecessor-version":[{"id":546,"href":"https:\/\/www.mimispaenz.de\/index.php?rest_route=\/wp\/v2\/pages\/31\/revisions\/546"}],"wp:attachment":[{"href":"https:\/\/www.mimispaenz.de\/index.php?rest_route=%2Fwp%2Fv2%2Fmedia&parent=31"}],"curies":[{"name":"wp","href":"https:\/\/api.w.org\/{rel}","templated":true}]}}