{"id":35,"date":"2012-02-13T14:36:56","date_gmt":"2012-02-13T13:36:56","guid":{"rendered":"http:\/\/www.mimispaenz.de\/NEU_1202\/?page_id=35"},"modified":"2026-03-12T11:44:33","modified_gmt":"2026-03-12T10:44:33","slug":"35-2","status":"publish","type":"page","link":"https:\/\/www.mimispaenz.de\/?page_id=35","title":{"rendered":"Impressum"},"content":{"rendered":"\n<p>Verantwortlicher Betreiber dieser Website ist der Vorstand: <br>Nora Brambring, Hanna Friedmann,&nbsp;Sebastian Koch, Sabrina-Maria Nie\u00dfen<\/p>\n\n\n\n<p>E-Mail<br>mimispaenz@netcologne.de<\/p>\n\n\n\n<p>Anschrift<br>Kinderhaus Mimis P\u00e4nz e.V.<br>Gleueler Str. 275<br>50935 K\u00f6ln<\/p>\n\n\n\n<p>Telefon<br>0221.4300197<\/p>\n\n\n\n<p>(c) 2022 Kinderhaus Mimis P\u00e4nz e.V.<\/p>\n\n\n\n<p>Fotos: Josi Swafing-Scheid, Grazyna Ostrowska-Henschel, Calle B\u00f6hm<\/p>\n\n\n\n<p>\u00c4nderungen und Irrt\u00fcmer vorbehalten.<\/p>\n\n\n\n<p>Rechtshinweis: F\u00fcr weiterf\u00fchrende Link-Verweise und deren Inhalte \u00fcbernimmt der Betreiber dieser WebSite keinerlei Haftung. Die Nutzung von Link-Verbindungen erfolgt auf eigene Gefahr. Von eventuellen sch\u00e4dlichen Inhalten anderer WebSites distanziert sich der Betreiber ausdr\u00fccklich.<\/p>\n\n\n\n<p>Mimis P\u00e4nz e.V. ist Mitglied im Parit\u00e4tischen Wohlfahrtsverband Nordrhein-Westfalen.<\/p>\n\n\n\n<p><\/p>\n\n\n\n<p><\/p>\n\n\n\n<p><\/p>\n\n\n\n<a href=\"https:\/\/nx46674.your-storageshare.de\/\"><img decoding=\"async\" src=\"https:\/\/www.mimispaenz.de\/wp-content\/uploads\/2023\/12\/Bildschirmfoto-2023-12-19-um-12.45.48-1.png\"><\/a>\n","protected":false},"excerpt":{"rendered":"<p>Verantwortlicher Betreiber dieser Website ist der Vorstand: Nora Brambring, Hanna Friedmann,&nbsp;Sebastian Koch, Sabrina-Maria Nie\u00dfen E-Mailmimispaenz@netcologne.de AnschriftKinderhaus Mimis P\u00e4nz e.V.Gleueler Str. 27550935 K\u00f6ln Telefon0221.4300197 (c) 2022 Kinderhaus Mimis P\u00e4nz e.V. Fotos: Josi Swafing-Scheid, Grazyna Ostrowska-Henschel, Calle B\u00f6hm \u00c4nderungen und Irrt\u00fcmer vorbehalten. Rechtshinweis: F\u00fcr weiterf\u00fchrende Link-Verweise und deren Inhalte \u00fcbernimmt der Betreiber dieser WebSite keinerlei Haftung. Die [&hellip;]<\/p>\n","protected":false},"author":9,"featured_media":0,"parent":0,"menu_order":0,"comment_status":"closed","ping_status":"closed","template":"","meta":{"footnotes":""},"class_list":["post-35","page","type-page","status-publish","hentry"],"_links":{"self":[{"href":"https:\/\/www.mimispaenz.de\/index.php?rest_route=\/wp\/v2\/pages\/35","targetHints":{"allow":["GET"]}}],"collection":[{"href":"https:\/\/www.mimispaenz.de\/index.php?rest_route=\/wp\/v2\/pages"}],"about":[{"href":"https:\/\/www.mimispaenz.de\/index.php?rest_route=\/wp\/v2\/types\/page"}],"author":[{"embeddable":true,"href":"https:\/\/www.mimispaenz.de\/index.php?rest_route=\/wp\/v2\/users\/9"}],"replies":[{"embeddable":true,"href":"https:\/\/www.mimispaenz.de\/index.php?rest_route=%2Fwp%2Fv2%2Fcomments&post=35"}],"version-history":[{"count":16,"href":"https:\/\/www.mimispaenz.de\/index.php?rest_route=\/wp\/v2\/pages\/35\/revisions"}],"predecessor-version":[{"id":847,"href":"https:\/\/www.mimispaenz.de\/index.php?rest_route=\/wp\/v2\/pages\/35\/revisions\/847"}],"wp:attachment":[{"href":"https:\/\/www.mimispaenz.de\/index.php?rest_route=%2Fwp%2Fv2%2Fmedia&parent=35"}],"curies":[{"name":"wp","href":"https:\/\/api.w.org\/{rel}","templated":true}]}}