{"id":9,"date":"2012-02-13T14:28:07","date_gmt":"2012-02-13T13:28:07","guid":{"rendered":"http:\/\/www.mimispaenz.de\/NEU_1202\/?page_id=9"},"modified":"2025-11-14T14:19:39","modified_gmt":"2025-11-14T13:19:39","slug":"die-einrichtung","status":"publish","type":"page","link":"https:\/\/www.mimispaenz.de\/?page_id=9","title":{"rendered":"Die Einrichtung"},"content":{"rendered":"<p>Das Kinderhaus &#8222;Mimis P\u00e4nz&#8220; liegt in einem ruhigen, gr\u00fcnen Wohnviertel nahe der Gleueler Stra\u00dfe, Ecke Freiligrathstra\u00dfe, in K\u00f6ln-Lindenthal. Ein gro\u00dfz\u00fcgiges Au\u00dfengel\u00e4nde und helle Innenr\u00e4ume \u00fcber zwei Stockwerke hinweg geben den Kindern viel Platz zum Spielen und Lernen.<\/p>\n<p><iframe loading=\"lazy\" title=\"Wir sind &quot;Mimis P\u00e4nz&quot;\" width=\"500\" height=\"281\" src=\"https:\/\/www.youtube.com\/embed\/mKXV2LuRIkI?feature=oembed\" frameborder=\"0\" allow=\"accelerometer; autoplay; clipboard-write; encrypted-media; gyroscope; picture-in-picture; web-share\" referrerpolicy=\"strict-origin-when-cross-origin\" allowfullscreen><\/iframe><\/p>\n<h3>Au\u00dfengel\u00e4nde<\/h3>\n<p>Expeditionen in die B\u00fcsche, Abenteuer auf dem Kletterger\u00fcst, Sand-, Matsch- und Wasserspiele, Wettrennen mit den Bobbycars &#8230;viel Bewegung bei jedem Wetter gleich vor der T\u00fcr.<\/p>\n<h3>Erdgeschoss<\/h3>\n<p class=\"bereich\">Eingangshalle<\/p>\n<p><img loading=\"lazy\" decoding=\"async\" class=\"alignleft size-full wp-image-191\" title=\"Erdgeschoss\" src=\"http:\/\/www.mimispaenz.de\/wp-content\/uploads\/2012\/03\/Erdgeschoss.jpg\" alt=\"\" width=\"617\" height=\"324\" srcset=\"https:\/\/www.mimispaenz.de\/wp-content\/uploads\/2012\/03\/Erdgeschoss.jpg 617w, https:\/\/www.mimispaenz.de\/wp-content\/uploads\/2012\/03\/Erdgeschoss-300x157.jpg 300w\" sizes=\"auto, (max-width: 617px) 100vw, 617px\" \/><\/p>\n<p>Die Begr\u00fc\u00dfungszone, das Herzst\u00fcck des Hauses: Hier finden Sie Infotafeln f\u00fcr Eltern, das B\u00fcro der Leiterin, die B\u00fchne bei Festen, die Treppe nach oben und sebstverst\u00e4ndlich auch Ihre Kinder beim Abholen.<\/p>\n<p class=\"bereich\">Restaurant<\/p>\n<p><img loading=\"lazy\" decoding=\"async\" class=\"alignleft size-full wp-image-194\" title=\"Restaurant\" src=\"http:\/\/www.mimispaenz.de\/wp-content\/uploads\/2012\/03\/Restaurant.jpg\" alt=\"\" width=\"617\" height=\"293\" srcset=\"https:\/\/www.mimispaenz.de\/wp-content\/uploads\/2012\/03\/Restaurant.jpg 617w, https:\/\/www.mimispaenz.de\/wp-content\/uploads\/2012\/03\/Restaurant-300x142.jpg 300w\" sizes=\"auto, (max-width: 617px) 100vw, 617px\" \/><\/p>\n<p>Mahlzeit! In einer angenehmen Atmosph\u00e4re k\u00f6nnen die Kinder sowohl ihr mitgebrachtes Fr\u00fchst\u00fcck, das von unserer K\u00f6chin selbstgekochte Mittagessen als auch den &#8222;Nachmittagshunger&#8220; (geschnittenes Obst und Gem\u00fcse gegen 15 Uhr) zu sich nehmen.<\/p>\n<p class=\"bereich\">Atelier<\/p>\n<p><img loading=\"lazy\" decoding=\"async\" class=\"alignleft size-full wp-image-187\" title=\"Atelier\" src=\"http:\/\/www.mimispaenz.de\/wp-content\/uploads\/2012\/03\/Atelier.jpg\" alt=\"\" width=\"617\" height=\"386\" srcset=\"https:\/\/www.mimispaenz.de\/wp-content\/uploads\/2012\/03\/Atelier.jpg 617w, https:\/\/www.mimispaenz.de\/wp-content\/uploads\/2012\/03\/Atelier-300x187.jpg 300w\" sizes=\"auto, (max-width: 617px) 100vw, 617px\" \/><\/p>\n<p>An Mal-, Leucht-, und Tontischen k\u00f6nnen die Kinder ihre kreativen Ideen umsetzen. Basteln, Schneiden, Kleben, Falten &#8230; f\u00fcr alles ist gesorgt.<\/p>\n<p>&nbsp;<\/p>\n<p class=\"bereich\">Nest &amp; Schlafraum<\/p>\n<p><img loading=\"lazy\" decoding=\"async\" class=\"alignleft size-full wp-image-193\" title=\"Nest\" src=\"http:\/\/www.mimispaenz.de\/wp-content\/uploads\/2012\/03\/Nest.jpg\" alt=\"\" width=\"617\" height=\"357\" srcset=\"https:\/\/www.mimispaenz.de\/wp-content\/uploads\/2012\/03\/Nest.jpg 617w, https:\/\/www.mimispaenz.de\/wp-content\/uploads\/2012\/03\/Nest-300x173.jpg 300w\" sizes=\"auto, (max-width: 617px) 100vw, 617px\" \/><\/p>\n<p>Hier haben die Allerkleinsten ihren Bereich, der f\u00fcr die Belange der U3 Kinder bestimmt ist.<\/p>\n<p class=\"bereich\">K\u00fcche<\/p>\n<p>Das Kinderhaus Mimis P\u00e4nz e.V. verf\u00fcgt \u00fcber eine eigene K\u00fcche. Unsere K\u00f6chin kocht jeden Tag frisches und abwechslungsreiches Essen. So erhalten die Kinder stets eine ausgewogene und gesunde Ern\u00e4hrung.<\/p>\n<p class=\"bereich\">Waschr\u00e4ume<\/p>\n<p>Im Erdgeschoss befinden sich 2 Waschr\u00e4ume mit je 2 Kindertoiletten und 3 Waschbecken, sowie eine Erwachsenentoilette. Weitere Toiletten finden sich im Obergeschoss.<\/p>\n<h3>1. Etage<\/h3>\n<p><img loading=\"lazy\" decoding=\"async\" class=\"alignleft size-full wp-image-192\" title=\"Erste_Etage\" src=\"http:\/\/www.mimispaenz.de\/wp-content\/uploads\/2012\/03\/Erste_Etage.jpg\" alt=\"\" width=\"617\" height=\"405\" srcset=\"https:\/\/www.mimispaenz.de\/wp-content\/uploads\/2012\/03\/Erste_Etage.jpg 617w, https:\/\/www.mimispaenz.de\/wp-content\/uploads\/2012\/03\/Erste_Etage-300x196.jpg 300w\" sizes=\"auto, (max-width: 617px) 100vw, 617px\" \/><\/p>\n<p class=\"bereich\">Turnhalle<\/p>\n<p>Hier werden regelm\u00e4\u00dfig sportliche Aktionen angeboten. Mit Matten, einem Kletterger\u00fcst, diversen Spielger\u00e4ten und ausreichend Platz k\u00f6nnen sich die Kinder austoben.<\/p>\n<p class=\"bereich\">Spielebereich<\/p>\n<p><img loading=\"lazy\" decoding=\"async\" class=\"alignleft size-full wp-image-186\" title=\"Zahlenraum\" src=\"http:\/\/www.mimispaenz.de\/wp-content\/uploads\/2012\/03\/Zahlenraum.jpg\" alt=\"\" width=\"617\" height=\"410\" srcset=\"https:\/\/www.mimispaenz.de\/wp-content\/uploads\/2012\/03\/Zahlenraum.jpg 617w, https:\/\/www.mimispaenz.de\/wp-content\/uploads\/2012\/03\/Zahlenraum-300x199.jpg 300w\" sizes=\"auto, (max-width: 617px) 100vw, 617px\" \/><\/p>\n<p>In kleinen Nischen k\u00f6nnen sich die Kinder mit B\u00fcchern oder Spielen zur\u00fcckziehen.<\/p>\n<p class=\"bereich\">Bauraum<\/p>\n<p><img loading=\"lazy\" decoding=\"async\" class=\"alignleft size-full wp-image-190\" title=\"Bauraum\" src=\"http:\/\/www.mimispaenz.de\/wp-content\/uploads\/2012\/03\/Bauraum.jpg\" alt=\"\" width=\"617\" height=\"391\" srcset=\"https:\/\/www.mimispaenz.de\/wp-content\/uploads\/2012\/03\/Bauraum.jpg 617w, https:\/\/www.mimispaenz.de\/wp-content\/uploads\/2012\/03\/Bauraum-300x190.jpg 300w\" sizes=\"auto, (max-width: 617px) 100vw, 617px\" \/><\/p>\n<p>Aus Kaplasteinen, Holzkl\u00f6tzen, Gummitieren und Legosteinen wurden schon viele, teils raumf\u00fcllende Bauwerke erstellt.<\/p>\n","protected":false},"excerpt":{"rendered":"<p>Das Kinderhaus &#8222;Mimis P\u00e4nz&#8220; liegt in einem ruhigen, gr\u00fcnen Wohnviertel nahe der Gleueler Stra\u00dfe, Ecke Freiligrathstra\u00dfe, in K\u00f6ln-Lindenthal. Ein gro\u00dfz\u00fcgiges Au\u00dfengel\u00e4nde und helle Innenr\u00e4ume \u00fcber zwei Stockwerke hinweg geben den Kindern viel Platz zum Spielen und Lernen. Au\u00dfengel\u00e4nde Expeditionen in die B\u00fcsche, Abenteuer auf dem Kletterger\u00fcst, Sand-, Matsch- und Wasserspiele, Wettrennen mit den Bobbycars &#8230;viel [&hellip;]<\/p>\n","protected":false},"author":9,"featured_media":0,"parent":5,"menu_order":0,"comment_status":"closed","ping_status":"closed","template":"","meta":{"footnotes":""},"class_list":["post-9","page","type-page","status-publish","hentry"],"_links":{"self":[{"href":"https:\/\/www.mimispaenz.de\/index.php?rest_route=\/wp\/v2\/pages\/9","targetHints":{"allow":["GET"]}}],"collection":[{"href":"https:\/\/www.mimispaenz.de\/index.php?rest_route=\/wp\/v2\/pages"}],"about":[{"href":"https:\/\/www.mimispaenz.de\/index.php?rest_route=\/wp\/v2\/types\/page"}],"author":[{"embeddable":true,"href":"https:\/\/www.mimispaenz.de\/index.php?rest_route=\/wp\/v2\/users\/9"}],"replies":[{"embeddable":true,"href":"https:\/\/www.mimispaenz.de\/index.php?rest_route=%2Fwp%2Fv2%2Fcomments&post=9"}],"version-history":[{"count":31,"href":"https:\/\/www.mimispaenz.de\/index.php?rest_route=\/wp\/v2\/pages\/9\/revisions"}],"predecessor-version":[{"id":845,"href":"https:\/\/www.mimispaenz.de\/index.php?rest_route=\/wp\/v2\/pages\/9\/revisions\/845"}],"up":[{"embeddable":true,"href":"https:\/\/www.mimispaenz.de\/index.php?rest_route=\/wp\/v2\/pages\/5"}],"wp:attachment":[{"href":"https:\/\/www.mimispaenz.de\/index.php?rest_route=%2Fwp%2Fv2%2Fmedia&parent=9"}],"curies":[{"name":"wp","href":"https:\/\/api.w.org\/{rel}","templated":true}]}}